{"id":2292,"date":"2022-03-28T19:20:55","date_gmt":"2022-03-28T18:20:55","guid":{"rendered":"https:\/\/www.cityclinic.ie\/?page_id=2292"},"modified":"2024-09-14T15:20:21","modified_gmt":"2024-09-14T14:20:21","slug":"musu-komanda","status":"publish","type":"page","link":"https:\/\/cityclinic.ie\/lt\/musu-komanda\/","title":{"rendered":"M\u016bs\u0173 komanda"},"content":{"rendered":"\t\t<div data-elementor-type=\"wp-page\" data-elementor-id=\"2292\" class=\"elementor elementor-2292 elementor-1614\" data-elementor-post-type=\"page\">\n\t\t\t\t<div class=\"has_eae_slider elementor-element elementor-element-c840413 e-flex e-con-boxed e-con e-parent\" data-eae-slider=\"21500\" data-id=\"c840413\" data-element_type=\"container\" data-e-type=\"container\">\n\t\t\t\t\t<div class=\"e-con-inner\">\n\t\t<div class=\"has_eae_slider elementor-element elementor-element-e5895c8 e-flex e-con-boxed e-con e-child\" data-eae-slider=\"32939\" data-id=\"e5895c8\" data-element_type=\"container\" data-e-type=\"container\">\n\t\t\t\t\t<div class=\"e-con-inner\">\n\t\t\t\t<div class=\"elementor-element elementor-element-b57e14b preserve-img-ratio-cover elementor-widget elementor-widget-the7_elements\" data-id=\"b57e14b\" data-element_type=\"widget\" data-e-type=\"widget\" data-widget_type=\"the7_elements.default\">\n\t\t\t\t<div class=\"elementor-widget-container\">\n\t\t\t\t\t<div class=\"portfolio-shortcode the7-elementor-widget the7_elements-b57e14b mode-grid dt-css-grid-wrap classic-layout-list description-under-image content-bg-on resize-by-browser-width widget-with-filter loading-effect-none jquery-filter\" data-padding=\"15px\" data-mobile-columns-num=\"1\" data-tablet-columns-num=\"2\" data-desktop-columns-num=\"3\" data-wide-desktop-columns-num=\"3\" data-post-limit=\"-1\" data-pagination-mode=\"none\" data-scroll-offset=\"\" aria-live=\"assertive\"><div class=\"iso-filter filter-decorations css-grid-filter extras-off filter filter-pointer-default show-filter-categories   filter-without-decoration\"><div class=\"filter-categories\" data-default-order=\"\" data-default-orderby=\"\"><a href=\"https:\/\/cityclinic.ie\/lt\/musu-komanda\/\" class=\"show-all filter-item act\" data-filter=\"*\" aria-label=\"Apply filter: Visi\">Visi<\/a><a href=\"https:\/\/cityclinic.ie\/lt\/musu-komanda\/?term=dantu-protezavimas\" class=\"filter-item dantu-protezavimas\" data-filter=\".category-51\" aria-label=\"Apply filter: Dant\u0173 protezavimas\">Dant\u0173 protezavimas<\/a><a href=\"https:\/\/cityclinic.ie\/lt\/musu-komanda\/?term=odontologas\" class=\"filter-item odontologas\" data-filter=\".category-23\" aria-label=\"Apply filter: Odontologas\">Odontologas<\/a><a href=\"https:\/\/cityclinic.ie\/lt\/musu-komanda\/?term=odontologe\" class=\"filter-item odontologe\" data-filter=\".category-39\" aria-label=\"Apply filter: Odontolog\u0117\">Odontolog\u0117<\/a><a href=\"https:\/\/cityclinic.ie\/lt\/musu-komanda\/?term=periodontologas\" class=\"filter-item periodontologas\" data-filter=\".category-34\" aria-label=\"Apply filter: Periodontologas\">Periodontologas<\/a><\/div><\/div><div class=\"dt-css-grid custom-pagination-handler\"><div class=\"visible wf-cell category-34 category-23\" data-post-id=\"658\" data-date=\"2022-02-24T14:47:04+01:00\" data-name=\"Dr. Adomas Rovas\"><article class=\"post visible post-658 dt_team type-dt_team status-publish has-post-thumbnail hentry dt_team_category-periodontologas dt_team_category-odontologas\" data-name=\"Dr. Adomas Rovas\" data-date=\"2022-02-24T14:47:04+01:00\">\n\n\t<div class=\"post-thumbnail-wrap\">\n\t\t<div class=\"post-thumbnail\">\n\n\t\t\t<a class=\"post-thumbnail-rollover img-css-resize-wrapper\" aria-label=\"Post image\" href=\"https:\/\/cityclinic.ie\/lt\/gydytojas\/dr-adomas-rovas\/\"><img fetchpriority=\"high\" decoding=\"async\" width=\"600\" height=\"600\" src=\"https:\/\/cityclinic.ie\/wp-content\/uploads\/2022\/02\/adomas.jpg\" class=\"attachment-full size-full preload-me aspect\" alt=\"\" srcset=\"https:\/\/cityclinic.ie\/wp-content\/uploads\/2022\/02\/adomas.jpg 600w, https:\/\/cityclinic.ie\/wp-content\/uploads\/2022\/02\/adomas-300x300.jpg 300w, https:\/\/cityclinic.ie\/wp-content\/uploads\/2022\/02\/adomas-150x150.jpg 150w\" sizes=\"(max-width: 600px) 100vw, 600px\" style=\"--ratio: 600 \/ 600;\" \/><\/a>\n\t\t<\/div>\n\t<\/div>\n\n\n<div class=\"post-entry-content\">\n\n\t<h3 class=\"ele-entry-title\"><a href=\"https:\/\/cityclinic.ie\/lt\/gydytojas\/dr-adomas-rovas\/\" rel=\"bookmark\" title=\"Dr. Adomas Rovas\">Dr. Adomas Rovas<\/a><\/h3><div class=\"entry-meta\"><span class=\"meta-item category-link\"><span>Periodontologas<\/span>, <span>Odontologas<\/span><\/span><\/div><a href=\"https:\/\/cityclinic.ie\/lt\/gydytojas\/dr-adomas-rovas\/\" target=\"\" aria-label=\"Read more about Dr. Adomas Rovas\" class=\"box-button elementor-button elementor-size-xs\">Su\u017einok daugiau<\/a>\n<\/div><\/article><\/div><div class=\"visible wf-cell category-39\" data-post-id=\"656\" data-date=\"2022-02-24T15:14:52+01:00\" data-name=\"Dr Migl\u0117 Kotovait\u0117-Pliaugien\u0117\"><article class=\"post visible post-656 dt_team type-dt_team status-publish has-post-thumbnail hentry dt_team_category-odontologe\" data-name=\"Dr Migl\u0117 Kotovait\u0117-Pliaugien\u0117\" data-date=\"2022-02-24T15:14:52+01:00\">\n\n\t<div class=\"post-thumbnail-wrap\">\n\t\t<div class=\"post-thumbnail\">\n\n\t\t\t<a class=\"post-thumbnail-rollover img-css-resize-wrapper\" aria-label=\"Post image\" href=\"https:\/\/cityclinic.ie\/lt\/gydytojas\/dr-migle-kotovaite-pliaugiene\/\"><img decoding=\"async\" width=\"1200\" height=\"1200\" src=\"https:\/\/cityclinic.ie\/wp-content\/uploads\/2022\/02\/Migle.png\" class=\"attachment-full size-full preload-me aspect\" alt=\"\" srcset=\"https:\/\/cityclinic.ie\/wp-content\/uploads\/2022\/02\/Migle.png 1200w, https:\/\/cityclinic.ie\/wp-content\/uploads\/2022\/02\/Migle-300x300.png 300w, https:\/\/cityclinic.ie\/wp-content\/uploads\/2022\/02\/Migle-1024x1024.png 1024w, https:\/\/cityclinic.ie\/wp-content\/uploads\/2022\/02\/Migle-150x150.png 150w, https:\/\/cityclinic.ie\/wp-content\/uploads\/2022\/02\/Migle-768x768.png 768w\" sizes=\"(max-width: 1200px) 100vw, 1200px\" style=\"--ratio: 1200 \/ 1200;\" \/><\/a>\n\t\t<\/div>\n\t<\/div>\n\n\n<div class=\"post-entry-content\">\n\n\t<h3 class=\"ele-entry-title\"><a href=\"https:\/\/cityclinic.ie\/lt\/gydytojas\/dr-migle-kotovaite-pliaugiene\/\" rel=\"bookmark\" title=\"Dr Migl\u0117 Kotovait\u0117-Pliaugien\u0117\">Dr Migl\u0117 Kotovait\u0117-Pliaugien\u0117<\/a><\/h3><div class=\"entry-meta\"><span class=\"meta-item category-link\"><span>Odontolog\u0117<\/span><\/span><\/div><a href=\"https:\/\/cityclinic.ie\/lt\/gydytojas\/dr-migle-kotovaite-pliaugiene\/\" target=\"\" aria-label=\"Read more about Dr Migl\u0117 Kotovait\u0117-Pliaugien\u0117\" class=\"box-button elementor-button elementor-size-xs\">Su\u017einok daugiau<\/a>\n<\/div><\/article><\/div><div class=\"visible wf-cell category-39\" data-post-id=\"2997\" data-date=\"2023-04-13T14:54:25+01:00\" data-name=\"Dr. Monika Vara\u0161kevi\u010di\u016bt\u0117\"><article class=\"post visible post-2997 dt_team type-dt_team status-publish has-post-thumbnail hentry dt_team_category-odontologe\" data-name=\"Dr. Monika Vara\u0161kevi\u010di\u016bt\u0117\" data-date=\"2023-04-13T14:54:25+01:00\">\n\n\t<div class=\"post-thumbnail-wrap\">\n\t\t<div class=\"post-thumbnail\">\n\n\t\t\t<a class=\"post-thumbnail-rollover img-css-resize-wrapper\" aria-label=\"Post image\" href=\"https:\/\/cityclinic.ie\/lt\/gydytojas\/dr-monika-varaskeviciute\/\"><img decoding=\"async\" width=\"1200\" height=\"1200\" src=\"https:\/\/cityclinic.ie\/wp-content\/uploads\/2024\/10\/monika.jpg\" class=\"attachment-full size-full preload-me aspect\" alt=\"\" srcset=\"https:\/\/cityclinic.ie\/wp-content\/uploads\/2024\/10\/monika.jpg 1200w, https:\/\/cityclinic.ie\/wp-content\/uploads\/2024\/10\/monika-300x300.jpg 300w, https:\/\/cityclinic.ie\/wp-content\/uploads\/2024\/10\/monika-1024x1024.jpg 1024w, https:\/\/cityclinic.ie\/wp-content\/uploads\/2024\/10\/monika-150x150.jpg 150w, https:\/\/cityclinic.ie\/wp-content\/uploads\/2024\/10\/monika-768x768.jpg 768w\" sizes=\"(max-width: 1200px) 100vw, 1200px\" style=\"--ratio: 1200 \/ 1200;\" \/><\/a>\n\t\t<\/div>\n\t<\/div>\n\n\n<div class=\"post-entry-content\">\n\n\t<h3 class=\"ele-entry-title\"><a href=\"https:\/\/cityclinic.ie\/lt\/gydytojas\/dr-monika-varaskeviciute\/\" rel=\"bookmark\" title=\"Dr. Monika Vara\u0161kevi\u010di\u016bt\u0117\">Dr. Monika Vara\u0161kevi\u010di\u016bt\u0117<\/a><\/h3><div class=\"entry-meta\"><span class=\"meta-item category-link\"><span>Odontolog\u0117<\/span><\/span><\/div><a href=\"https:\/\/cityclinic.ie\/lt\/gydytojas\/dr-monika-varaskeviciute\/\" target=\"\" aria-label=\"Read more about Dr. Monika Vara\u0161kevi\u010di\u016bt\u0117\" class=\"box-button elementor-button elementor-size-xs\">Su\u017einok daugiau<\/a>\n<\/div><\/article><\/div><div class=\"visible wf-cell category-51\" data-post-id=\"3498\" data-date=\"2024-09-14T15:12:39+01:00\" data-name=\"Elvinas Juzikis\"><article class=\"post visible post-3498 dt_team type-dt_team status-publish has-post-thumbnail hentry dt_team_category-dantu-protezavimas\" data-name=\"Elvinas Juzikis\" data-date=\"2024-09-14T15:12:39+01:00\">\n\n\t<div class=\"post-thumbnail-wrap\">\n\t\t<div class=\"post-thumbnail\">\n\n\t\t\t<a class=\"post-thumbnail-rollover img-css-resize-wrapper\" aria-label=\"Post image\" href=\"https:\/\/cityclinic.ie\/lt\/gydytojas\/elvinas-juzikis\/\"><img loading=\"lazy\" decoding=\"async\" width=\"1200\" height=\"1200\" src=\"https:\/\/cityclinic.ie\/wp-content\/uploads\/2024\/09\/Elvinas-cityclinic.jpg\" class=\"attachment-full size-full preload-me aspect\" alt=\"\" srcset=\"https:\/\/cityclinic.ie\/wp-content\/uploads\/2024\/09\/Elvinas-cityclinic.jpg 1200w, https:\/\/cityclinic.ie\/wp-content\/uploads\/2024\/09\/Elvinas-cityclinic-300x300.jpg 300w, https:\/\/cityclinic.ie\/wp-content\/uploads\/2024\/09\/Elvinas-cityclinic-1024x1024.jpg 1024w, https:\/\/cityclinic.ie\/wp-content\/uploads\/2024\/09\/Elvinas-cityclinic-150x150.jpg 150w, https:\/\/cityclinic.ie\/wp-content\/uploads\/2024\/09\/Elvinas-cityclinic-768x768.jpg 768w\" sizes=\"(max-width: 1200px) 100vw, 1200px\" style=\"--ratio: 1200 \/ 1200;\" \/><\/a>\n\t\t<\/div>\n\t<\/div>\n\n\n<div class=\"post-entry-content\">\n\n\t<h3 class=\"ele-entry-title\"><a href=\"https:\/\/cityclinic.ie\/lt\/gydytojas\/elvinas-juzikis\/\" rel=\"bookmark\" title=\"Elvinas Juzikis\">Elvinas Juzikis<\/a><\/h3><div class=\"entry-meta\"><span class=\"meta-item category-link\"><span>Dant\u0173 protezavimas<\/span><\/span><\/div><a href=\"https:\/\/cityclinic.ie\/lt\/gydytojas\/elvinas-juzikis\/\" target=\"\" aria-label=\"Read more about Elvinas Juzikis\" class=\"box-button elementor-button elementor-size-xs\">Su\u017einok daugiau<\/a>\n<\/div><\/article><\/div><\/div><!-- iso-container|iso-grid --><\/div>\t\t\t\t<\/div>\n\t\t\t\t<\/div>\n\t\t\t\t\t<\/div>\n\t\t\t\t<\/div>\n\t\t\t\t\t<\/div>\n\t\t\t\t<\/div>\n\t\t\t\t<section class=\"has_eae_slider elementor-section elementor-top-section elementor-element elementor-element-63b7aa3 elementor-section-boxed elementor-section-height-default elementor-section-height-default\" data-eae-slider=\"66724\" data-id=\"63b7aa3\" data-element_type=\"section\" data-e-type=\"section\">\n\t\t\t\t\t\t<div class=\"elementor-container elementor-column-gap-default\">\n\t\t\t\t\t<div class=\"has_eae_slider elementor-column elementor-col-100 elementor-top-column elementor-element elementor-element-f5fc74f\" data-eae-slider=\"68181\" data-id=\"f5fc74f\" data-element_type=\"column\" data-e-type=\"column\">\n\t\t\t<div class=\"elementor-widget-wrap elementor-element-populated\">\n\t\t\t\t\t\t<div class=\"elementor-element elementor-element-d317553 elementor-widget elementor-widget-template\" data-id=\"d317553\" data-element_type=\"widget\" data-e-type=\"widget\" data-widget_type=\"template.default\">\n\t\t\t\t<div class=\"elementor-widget-container\">\n\t\t\t\t\t\t\t<div class=\"elementor-template\">\n\t\t\t\t\t<div data-elementor-type=\"section\" data-elementor-id=\"2314\" class=\"elementor elementor-2314\" data-elementor-post-type=\"elementor_library\">\n\t\t\t\t\t<section class=\"has_eae_slider elementor-section elementor-top-section elementor-element elementor-element-a12b2f3 elementor-section-stretched elementor-section-boxed elementor-section-height-default elementor-section-height-default\" data-eae-slider=\"57161\" data-id=\"a12b2f3\" data-element_type=\"section\" data-e-type=\"section\" data-settings=\"{&quot;stretch_section&quot;:&quot;section-stretched&quot;,&quot;background_background&quot;:&quot;gradient&quot;}\">\n\t\t\t\t\t\t<div class=\"elementor-container elementor-column-gap-default\">\n\t\t\t\t\t<div class=\"has_eae_slider elementor-column elementor-col-100 elementor-top-column elementor-element elementor-element-a3b3c0d\" data-eae-slider=\"93337\" data-id=\"a3b3c0d\" data-element_type=\"column\" data-e-type=\"column\">\n\t\t\t<div class=\"elementor-widget-wrap elementor-element-populated\">\n\t\t\t\t\t\t<div class=\"elementor-element elementor-element-90f8112 elementor-cta--layout-image-left elementor-bg-transform elementor-bg-transform-move-up elementor-cta--mobile-layout-image-above elementor-cta--skin-classic elementor-animated-content elementor-widget elementor-widget-call-to-action\" data-id=\"90f8112\" data-element_type=\"widget\" data-e-type=\"widget\" data-widget_type=\"call-to-action.default\">\n\t\t\t\t<div class=\"elementor-widget-container\">\n\t\t\t\t\t\t\t<div class=\"elementor-cta\">\n\t\t\t\t\t<div class=\"elementor-cta__bg-wrapper\">\n\t\t\t\t<div class=\"elementor-cta__bg elementor-bg\" style=\"background-image: url(https:\/\/cityclinic.ie\/wp-content\/uploads\/2022\/03\/City-Clinic.png);\" role=\"img\" aria-label=\"City-Clinic\"><\/div>\n\t\t\t\t<div class=\"elementor-cta__bg-overlay\"><\/div>\n\t\t\t<\/div>\n\t\t\t\t\t\t\t<div class=\"elementor-cta__content\">\n\t\t\t\t\t\t\t\t\t<div class=\"elementor-content-item elementor-cta__content-item elementor-cta__image\">\n\t\t\t\t\t\t<img decoding=\"async\" src=\"https:\/\/cityclinic.ie\/wp-content\/uploads\/elementor\/thumbs\/logo-1-pxwy7t5u9idvz9jwjipru8ffft5uby29v95m554934.png\" title=\"logo-1\" alt=\"logo-1\" loading=\"lazy\" \/>\t\t\t\t\t<\/div>\n\t\t\t\t\n\t\t\t\t\n\t\t\t\t\t\t\t\t\t<div class=\"elementor-cta__description elementor-cta__content-item elementor-content-item\">\n\t\t\t\t\t\tMums r\u016bpi j\u016bs\u0173 sveikata.\t\t\t\t\t<\/div>\n\t\t\t\t\n\t\t\t\t\t\t\t\t\t<div class=\"elementor-cta__button-wrapper elementor-cta__content-item elementor-content-item \">\n\t\t\t\t\t<a class=\"elementor-cta__button elementor-button elementor-size-\" href=\"\/lt\/susisiekite-su-mumis\/\">\n\t\t\t\t\t\tRegistruokis konsultacijai\t\t\t\t\t<\/a>\n\t\t\t\t\t<\/div>\n\t\t\t\t\t\t\t<\/div>\n\t\t\t\t\t\t<\/div>\n\t\t\t\t\t\t<\/div>\n\t\t\t\t<\/div>\n\t\t\t\t\t<\/div>\n\t\t<\/div>\n\t\t\t\t\t<\/div>\n\t\t<\/section>\n\t\t\t\t<\/div>\n\t\t\t\t<\/div>\n\t\t\t\t\t\t<\/div>\n\t\t\t\t<\/div>\n\t\t\t\t\t<\/div>\n\t\t<\/div>\n\t\t\t\t\t<\/div>\n\t\t<\/section>\n\t\t\t\t<\/div>\n\t\t","protected":false},"excerpt":{"rendered":"<p>VisiDant\u0173 protezavimasGastroenterologasGinekolog\u0117OdontologasOdontolog\u0117PeriodontologasProfesorius \u2013 aku\u0161eris, ginekologas Dr. Adomas Rovas Periodontologas, OdontologasSu\u017einok daugiau Dr Migl\u0117 Kotovait\u0117-Pliaugien\u0117 Odontolog\u0117Su\u017einok daugiau Dr. Linas Rovas Profesorius \u2013 aku\u0161eris, ginekologasSu\u017einok daugiau Dr. Rasa Liaudanskait\u0117 Ginekolog\u0117Su\u017einok daugiau Dr. Gediminas \u0160emeklis GastroenterologasSu\u017einok daugiau Dr. Monika Vara\u0161kevi\u010di\u016bt\u0117 Odontolog\u0117Su\u017einok daugiau Alanta Girdvainyt\u0117 Odontolog\u0117Su\u017einok daugiau Elvinas Juzikis Dant\u0173 protezavimasSu\u017einok daugiau<\/p>\n","protected":false},"author":1,"featured_media":0,"parent":0,"menu_order":0,"comment_status":"closed","ping_status":"closed","template":"","meta":{"footnotes":""},"class_list":["post-2292","page","type-page","status-publish","hentry"],"_links":{"self":[{"href":"https:\/\/cityclinic.ie\/lt\/wp-json\/wp\/v2\/pages\/2292","targetHints":{"allow":["GET"]}}],"collection":[{"href":"https:\/\/cityclinic.ie\/lt\/wp-json\/wp\/v2\/pages"}],"about":[{"href":"https:\/\/cityclinic.ie\/lt\/wp-json\/wp\/v2\/types\/page"}],"author":[{"embeddable":true,"href":"https:\/\/cityclinic.ie\/lt\/wp-json\/wp\/v2\/users\/1"}],"replies":[{"embeddable":true,"href":"https:\/\/cityclinic.ie\/lt\/wp-json\/wp\/v2\/comments?post=2292"}],"version-history":[{"count":0,"href":"https:\/\/cityclinic.ie\/lt\/wp-json\/wp\/v2\/pages\/2292\/revisions"}],"wp:attachment":[{"href":"https:\/\/cityclinic.ie\/lt\/wp-json\/wp\/v2\/media?parent=2292"}],"curies":[{"name":"wp","href":"https:\/\/api.w.org\/{rel}","templated":true}]}}