{"id":2221,"date":"2022-03-28T19:29:15","date_gmt":"2022-03-28T18:29:15","guid":{"rendered":"https:\/\/www.cityclinic.ie\/?page_id=2221"},"modified":"2023-07-12T12:24:34","modified_gmt":"2023-07-12T11:24:34","slug":"paslaugos","status":"publish","type":"page","link":"https:\/\/cityclinic.ie\/lt\/paslaugos\/","title":{"rendered":"Paslaugos"},"content":{"rendered":"\t\t<div data-elementor-type=\"wp-page\" data-elementor-id=\"2221\" class=\"elementor elementor-2221 elementor-1622\" data-elementor-post-type=\"page\">\n\t\t\t\t\t\t<section class=\"has_eae_slider elementor-section elementor-top-section elementor-element elementor-element-3f48913 elementor-section-boxed elementor-section-height-default elementor-section-height-default\" data-eae-slider=\"42594\" data-id=\"3f48913\" data-element_type=\"section\" data-e-type=\"section\">\n\t\t\t\t\t\t<div class=\"elementor-container elementor-column-gap-default\">\n\t\t\t\t\t<div class=\"has_eae_slider elementor-column elementor-col-100 elementor-top-column elementor-element elementor-element-3dea3ef\" data-eae-slider=\"76873\" data-id=\"3dea3ef\" data-element_type=\"column\" data-e-type=\"column\">\n\t\t\t<div class=\"elementor-widget-wrap elementor-element-populated\">\n\t\t\t\t\t\t<div class=\"elementor-element elementor-element-01bc460 elementor-widget elementor-widget-heading\" data-id=\"01bc460\" data-element_type=\"widget\" data-e-type=\"widget\" data-widget_type=\"heading.default\">\n\t\t\t\t<div class=\"elementor-widget-container\">\n\t\t\t\t\t<h2 class=\"elementor-heading-title elementor-size-default\">Odontologijos paslaugos<\/h2>\t\t\t\t<\/div>\n\t\t\t\t<\/div>\n\t\t\t\t\t<\/div>\n\t\t<\/div>\n\t\t\t\t\t<\/div>\n\t\t<\/section>\n\t\t\t\t<section class=\"has_eae_slider elementor-section elementor-top-section elementor-element elementor-element-131d7ea elementor-section-full_width elementor-section-height-default elementor-section-height-default\" data-eae-slider=\"1429\" data-id=\"131d7ea\" data-element_type=\"section\" data-e-type=\"section\">\n\t\t\t\t\t\t<div class=\"elementor-container elementor-column-gap-default\">\n\t\t\t\t\t<div class=\"has_eae_slider elementor-column elementor-col-100 elementor-top-column elementor-element elementor-element-b14b777\" data-eae-slider=\"69778\" data-id=\"b14b777\" data-element_type=\"column\" data-e-type=\"column\">\n\t\t\t<div class=\"elementor-widget-wrap elementor-element-populated\">\n\t\t\t\t\t\t<div class=\"elementor-element elementor-element-a5304a0 preserve-img-ratio-cover elementor-widget elementor-widget-the7_elements\" data-id=\"a5304a0\" data-element_type=\"widget\" data-e-type=\"widget\" data-widget_type=\"the7_elements.default\">\n\t\t\t\t<div class=\"elementor-widget-container\">\n\t\t\t\t\t<div class=\"portfolio-shortcode the7-elementor-widget the7_elements-a5304a0 mode-grid dt-css-grid-wrap classic-layout-list description-under-image quick-scale-img meta-info-off content-bg-on resize-by-browser-width loading-effect-move-up jquery-filter\" data-padding=\"30px\" data-mobile-columns-num=\"1\" data-tablet-columns-num=\"2\" data-desktop-columns-num=\"4\" data-wide-desktop-columns-num=\"4\" data-post-limit=\"-1\" data-pagination-mode=\"none\" data-scroll-offset=\"\" aria-live=\"assertive\"><div class=\"dt-css-grid custom-pagination-handler\"><div class=\"visible wf-cell\" data-post-id=\"984\" data-date=\"2022-03-06T20:22:30+01:00\" data-name=\"Dant\u0173 implantai\"><article class=\"post visible post-984 dt_portfolio type-dt_portfolio status-publish has-post-thumbnail hentry dt_portfolio_category-lt\" data-name=\"Dant\u0173 implantai\" data-date=\"2022-03-06T20:22:30+01:00\">\n\n\t<div class=\"post-thumbnail-wrap\">\n\t\t<div class=\"post-thumbnail\">\n\n\t\t\t<a class=\"post-thumbnail-rollover img-css-resize-wrapper\" aria-label=\"Post image\" href=\"https:\/\/cityclinic.ie\/lt\/paslauga\/dantu-implantai\/\"><img fetchpriority=\"high\" decoding=\"async\" width=\"800\" height=\"400\" src=\"https:\/\/cityclinic.ie\/wp-content\/uploads\/2022\/03\/dental-implants-1.webp\" class=\"attachment-full size-full preload-me aspect\" alt=\"\" srcset=\"https:\/\/cityclinic.ie\/wp-content\/uploads\/2022\/03\/dental-implants-1.webp 800w, https:\/\/cityclinic.ie\/wp-content\/uploads\/2022\/03\/dental-implants-1-300x150.webp 300w, https:\/\/cityclinic.ie\/wp-content\/uploads\/2022\/03\/dental-implants-1-768x384.webp 768w\" sizes=\"(max-width: 800px) 100vw, 800px\" style=\"--ratio: 800 \/ 400;\" \/><\/a>\n\t\t<\/div>\n\t<\/div>\n\n\n<div class=\"post-entry-content\">\n\n\t<h3 class=\"ele-entry-title\"><a href=\"https:\/\/cityclinic.ie\/lt\/paslauga\/dantu-implantai\/\" rel=\"bookmark\" title=\"Dant\u0173 implantai\">Dant\u0173 implantai<\/a><\/h3><a href=\"https:\/\/cityclinic.ie\/lt\/paslauga\/dantu-implantai\/\" target=\"\" aria-label=\"Read more about Dant\u0173 implantai\" class=\"box-button elementor-button elementor-size-xs\">Su\u017einok daugiau<\/a>\n<\/div><\/article><\/div><div class=\"visible wf-cell\" data-post-id=\"666\" data-date=\"2022-02-28T16:09:01+01:00\" data-name=\"Periodontinis gydymas\"><article class=\"post visible post-666 dt_portfolio type-dt_portfolio status-publish has-post-thumbnail hentry dt_portfolio_category-lt\" data-name=\"Periodontinis gydymas\" data-date=\"2022-02-28T16:09:01+01:00\">\n\n\t<div class=\"post-thumbnail-wrap\">\n\t\t<div class=\"post-thumbnail\">\n\n\t\t\t<a class=\"post-thumbnail-rollover img-css-resize-wrapper\" aria-label=\"Post image\" href=\"https:\/\/cityclinic.ie\/lt\/paslauga\/periodontinis-gydymas\/\"><img decoding=\"async\" width=\"800\" height=\"400\" src=\"https:\/\/cityclinic.ie\/wp-content\/uploads\/2022\/02\/periodontics.jpg\" class=\"attachment-full size-full preload-me aspect\" alt=\"\" srcset=\"https:\/\/cityclinic.ie\/wp-content\/uploads\/2022\/02\/periodontics.jpg 800w, https:\/\/cityclinic.ie\/wp-content\/uploads\/2022\/02\/periodontics-300x150.jpg 300w, https:\/\/cityclinic.ie\/wp-content\/uploads\/2022\/02\/periodontics-768x384.jpg 768w\" sizes=\"(max-width: 800px) 100vw, 800px\" style=\"--ratio: 800 \/ 400;\" \/><\/a>\n\t\t<\/div>\n\t<\/div>\n\n\n<div class=\"post-entry-content\">\n\n\t<h3 class=\"ele-entry-title\"><a href=\"https:\/\/cityclinic.ie\/lt\/paslauga\/periodontinis-gydymas\/\" rel=\"bookmark\" title=\"Periodontinis gydymas\">Periodontinis gydymas<\/a><\/h3><a href=\"https:\/\/cityclinic.ie\/lt\/paslauga\/periodontinis-gydymas\/\" target=\"\" aria-label=\"Read more about Periodontinis gydymas\" class=\"box-button elementor-button elementor-size-xs\">Su\u017einok daugiau<\/a>\n<\/div><\/article><\/div><div class=\"visible wf-cell\" data-post-id=\"672\" data-date=\"2022-02-28T14:39:08+01:00\" data-name=\"Estetinis plombavimas\"><article class=\"post visible post-672 dt_portfolio type-dt_portfolio status-publish has-post-thumbnail hentry dt_portfolio_category-lt\" data-name=\"Estetinis plombavimas\" data-date=\"2022-02-28T14:39:08+01:00\">\n\n\t<div class=\"post-thumbnail-wrap\">\n\t\t<div class=\"post-thumbnail\">\n\n\t\t\t<a class=\"post-thumbnail-rollover img-css-resize-wrapper\" aria-label=\"Post image\" href=\"https:\/\/cityclinic.ie\/lt\/paslauga\/estetinis-plombavimas\/\"><img decoding=\"async\" width=\"800\" height=\"400\" src=\"https:\/\/cityclinic.ie\/wp-content\/uploads\/2022\/02\/ashbourne_medical_aesthetic-800x400-1.webp\" class=\"attachment-full size-full preload-me aspect\" alt=\"\" srcset=\"https:\/\/cityclinic.ie\/wp-content\/uploads\/2022\/02\/ashbourne_medical_aesthetic-800x400-1.webp 800w, https:\/\/cityclinic.ie\/wp-content\/uploads\/2022\/02\/ashbourne_medical_aesthetic-800x400-1-300x150.webp 300w, https:\/\/cityclinic.ie\/wp-content\/uploads\/2022\/02\/ashbourne_medical_aesthetic-800x400-1-768x384.webp 768w\" sizes=\"(max-width: 800px) 100vw, 800px\" style=\"--ratio: 800 \/ 400;\" \/><\/a>\n\t\t<\/div>\n\t<\/div>\n\n\n<div class=\"post-entry-content\">\n\n\t<h3 class=\"ele-entry-title\"><a href=\"https:\/\/cityclinic.ie\/lt\/paslauga\/estetinis-plombavimas\/\" rel=\"bookmark\" title=\"Estetinis plombavimas\">Estetinis plombavimas<\/a><\/h3><a href=\"https:\/\/cityclinic.ie\/lt\/paslauga\/estetinis-plombavimas\/\" target=\"\" aria-label=\"Read more about Estetinis plombavimas\" class=\"box-button elementor-button elementor-size-xs\">Su\u017einok daugiau<\/a>\n<\/div><\/article><\/div><div class=\"visible wf-cell\" data-post-id=\"674\" data-date=\"2022-02-28T14:20:04+01:00\" data-name=\"Dant\u0173 balinimas\"><article class=\"post visible post-674 dt_portfolio type-dt_portfolio status-publish has-post-thumbnail hentry dt_portfolio_category-lt\" data-name=\"Dant\u0173 balinimas\" data-date=\"2022-02-28T14:20:04+01:00\">\n\n\t<div class=\"post-thumbnail-wrap\">\n\t\t<div class=\"post-thumbnail\">\n\n\t\t\t<a class=\"post-thumbnail-rollover img-css-resize-wrapper\" aria-label=\"Post image\" href=\"https:\/\/cityclinic.ie\/lt\/paslauga\/dantu-balinimas\/\"><img loading=\"lazy\" decoding=\"async\" width=\"800\" height=\"400\" src=\"https:\/\/cityclinic.ie\/wp-content\/uploads\/2022\/02\/oral_hygiene-1.jpg\" class=\"attachment-full size-full preload-me aspect\" alt=\"\" srcset=\"https:\/\/cityclinic.ie\/wp-content\/uploads\/2022\/02\/oral_hygiene-1.jpg 800w, https:\/\/cityclinic.ie\/wp-content\/uploads\/2022\/02\/oral_hygiene-1-300x150.jpg 300w, https:\/\/cityclinic.ie\/wp-content\/uploads\/2022\/02\/oral_hygiene-1-768x384.jpg 768w\" sizes=\"(max-width: 800px) 100vw, 800px\" style=\"--ratio: 800 \/ 400;\" \/><\/a>\n\t\t<\/div>\n\t<\/div>\n\n\n<div class=\"post-entry-content\">\n\n\t<h3 class=\"ele-entry-title\"><a href=\"https:\/\/cityclinic.ie\/lt\/paslauga\/dantu-balinimas\/\" rel=\"bookmark\" title=\"Dant\u0173 balinimas\">Dant\u0173 balinimas<\/a><\/h3><a href=\"https:\/\/cityclinic.ie\/lt\/paslauga\/dantu-balinimas\/\" target=\"\" aria-label=\"Read more about Dant\u0173 balinimas\" class=\"box-button elementor-button elementor-size-xs\">Su\u017einok daugiau<\/a>\n<\/div><\/article><\/div><div class=\"visible wf-cell\" data-post-id=\"2351\" data-date=\"2022-04-05T23:02:49+01:00\" data-name=\"Dant\u0173 Kar\u016bn\u0117l\u0117s\"><article class=\"post visible post-2351 dt_portfolio type-dt_portfolio status-publish has-post-thumbnail hentry dt_portfolio_category-lt\" data-name=\"Dant\u0173 Kar\u016bn\u0117l\u0117s\" data-date=\"2022-04-05T23:02:49+01:00\">\n\n\t<div class=\"post-thumbnail-wrap\">\n\t\t<div class=\"post-thumbnail\">\n\n\t\t\t<a class=\"post-thumbnail-rollover img-css-resize-wrapper\" aria-label=\"Post image\" href=\"https:\/\/cityclinic.ie\/lt\/paslauga\/dantu-karuneles\/\"><img loading=\"lazy\" decoding=\"async\" width=\"800\" height=\"400\" src=\"https:\/\/cityclinic.ie\/wp-content\/uploads\/2022\/04\/crowns.jpg\" class=\"attachment-full size-full preload-me aspect\" alt=\"\" srcset=\"https:\/\/cityclinic.ie\/wp-content\/uploads\/2022\/04\/crowns.jpg 800w, https:\/\/cityclinic.ie\/wp-content\/uploads\/2022\/04\/crowns-300x150.jpg 300w, https:\/\/cityclinic.ie\/wp-content\/uploads\/2022\/04\/crowns-768x384.jpg 768w\" sizes=\"(max-width: 800px) 100vw, 800px\" style=\"--ratio: 800 \/ 400;\" \/><\/a>\n\t\t<\/div>\n\t<\/div>\n\n\n<div class=\"post-entry-content\">\n\n\t<h3 class=\"ele-entry-title\"><a href=\"https:\/\/cityclinic.ie\/lt\/paslauga\/dantu-karuneles\/\" rel=\"bookmark\" title=\"Dant\u0173 Kar\u016bn\u0117l\u0117s\">Dant\u0173 Kar\u016bn\u0117l\u0117s<\/a><\/h3><a href=\"https:\/\/cityclinic.ie\/lt\/paslauga\/dantu-karuneles\/\" target=\"\" aria-label=\"Read more about Dant\u0173 Kar\u016bn\u0117l\u0117s\" class=\"box-button elementor-button elementor-size-xs\">Su\u017einok daugiau<\/a>\n<\/div><\/article><\/div><div class=\"visible wf-cell\" data-post-id=\"2356\" data-date=\"2022-04-05T22:41:25+01:00\" data-name=\"Burnos higiena\"><article class=\"post visible post-2356 dt_portfolio type-dt_portfolio status-publish has-post-thumbnail hentry dt_portfolio_category-lt\" data-name=\"Burnos higiena\" data-date=\"2022-04-05T22:41:25+01:00\">\n\n\t<div class=\"post-thumbnail-wrap\">\n\t\t<div class=\"post-thumbnail\">\n\n\t\t\t<a class=\"post-thumbnail-rollover img-css-resize-wrapper\" aria-label=\"Post image\" href=\"https:\/\/cityclinic.ie\/lt\/paslauga\/burnos-higiena\/\"><img loading=\"lazy\" decoding=\"async\" width=\"800\" height=\"400\" src=\"https:\/\/cityclinic.ie\/wp-content\/uploads\/2022\/04\/hygiene.jpg\" class=\"attachment-full size-full preload-me aspect\" alt=\"\" srcset=\"https:\/\/cityclinic.ie\/wp-content\/uploads\/2022\/04\/hygiene.jpg 800w, https:\/\/cityclinic.ie\/wp-content\/uploads\/2022\/04\/hygiene-300x150.jpg 300w, https:\/\/cityclinic.ie\/wp-content\/uploads\/2022\/04\/hygiene-768x384.jpg 768w\" sizes=\"(max-width: 800px) 100vw, 800px\" style=\"--ratio: 800 \/ 400;\" \/><\/a>\n\t\t<\/div>\n\t<\/div>\n\n\n<div class=\"post-entry-content\">\n\n\t<h3 class=\"ele-entry-title\"><a href=\"https:\/\/cityclinic.ie\/lt\/paslauga\/burnos-higiena\/\" rel=\"bookmark\" title=\"Burnos higiena\">Burnos higiena<\/a><\/h3><a href=\"https:\/\/cityclinic.ie\/lt\/paslauga\/burnos-higiena\/\" target=\"\" aria-label=\"Read more about Burnos higiena\" class=\"box-button elementor-button elementor-size-xs\">Su\u017einok daugiau<\/a>\n<\/div><\/article><\/div><div class=\"visible wf-cell\" data-post-id=\"3086\" data-date=\"2023-05-29T14:36:06+01:00\" data-name=\"Ortodontija\"><article class=\"post visible post-3086 dt_portfolio type-dt_portfolio status-publish has-post-thumbnail hentry dt_portfolio_category-lt\" data-name=\"Ortodontija\" data-date=\"2023-05-29T14:36:06+01:00\">\n\n\t<div class=\"post-thumbnail-wrap\">\n\t\t<div class=\"post-thumbnail\">\n\n\t\t\t<a class=\"post-thumbnail-rollover img-css-resize-wrapper\" aria-label=\"Post image\" href=\"https:\/\/cityclinic.ie\/lt\/paslauga\/ortodontija\/\"><img loading=\"lazy\" decoding=\"async\" width=\"800\" height=\"400\" src=\"https:\/\/cityclinic.ie\/wp-content\/uploads\/2023\/05\/ordoline.png\" class=\"attachment-full size-full preload-me aspect\" alt=\"\" srcset=\"https:\/\/cityclinic.ie\/wp-content\/uploads\/2023\/05\/ordoline.png 800w, https:\/\/cityclinic.ie\/wp-content\/uploads\/2023\/05\/ordoline-300x150.png 300w, https:\/\/cityclinic.ie\/wp-content\/uploads\/2023\/05\/ordoline-768x384.png 768w\" sizes=\"(max-width: 800px) 100vw, 800px\" style=\"--ratio: 800 \/ 400;\" \/><\/a>\n\t\t<\/div>\n\t<\/div>\n\n\n<div class=\"post-entry-content\">\n\n\t<h3 class=\"ele-entry-title\"><a href=\"https:\/\/cityclinic.ie\/lt\/paslauga\/ortodontija\/\" rel=\"bookmark\" title=\"Ortodontija\">Ortodontija<\/a><\/h3><a href=\"https:\/\/cityclinic.ie\/lt\/paslauga\/ortodontija\/\" target=\"\" aria-label=\"Read more about Ortodontija\" class=\"box-button elementor-button elementor-size-xs\">Su\u017einok daugiau<\/a>\n<\/div><\/article><\/div><div class=\"visible wf-cell\" data-post-id=\"3340\" data-date=\"2023-12-11T16:28:40+01:00\" data-name=\"Dant\u0173 kanal\u0173 gydymas mikroskopu\"><article class=\"post visible post-3340 dt_portfolio type-dt_portfolio status-publish has-post-thumbnail hentry dt_portfolio_category-lt\" data-name=\"Dant\u0173 kanal\u0173 gydymas mikroskopu\" data-date=\"2023-12-11T16:28:40+01:00\">\n\n\t<div class=\"post-thumbnail-wrap\">\n\t\t<div class=\"post-thumbnail\">\n\n\t\t\t<a class=\"post-thumbnail-rollover img-css-resize-wrapper\" aria-label=\"Post image\" href=\"https:\/\/cityclinic.ie\/lt\/paslauga\/dantu-kanalu-gydymas-mikroskopu\/\"><img loading=\"lazy\" decoding=\"async\" width=\"1200\" height=\"1200\" src=\"https:\/\/cityclinic.ie\/wp-content\/uploads\/2023\/12\/Svitlana-1.jpg\" class=\"attachment-full size-full preload-me aspect\" alt=\"\" srcset=\"https:\/\/cityclinic.ie\/wp-content\/uploads\/2023\/12\/Svitlana-1.jpg 1200w, https:\/\/cityclinic.ie\/wp-content\/uploads\/2023\/12\/Svitlana-1-300x300.jpg 300w, https:\/\/cityclinic.ie\/wp-content\/uploads\/2023\/12\/Svitlana-1-1024x1024.jpg 1024w, https:\/\/cityclinic.ie\/wp-content\/uploads\/2023\/12\/Svitlana-1-150x150.jpg 150w, https:\/\/cityclinic.ie\/wp-content\/uploads\/2023\/12\/Svitlana-1-768x768.jpg 768w\" sizes=\"(max-width: 1200px) 100vw, 1200px\" style=\"--ratio: 1200 \/ 1200;\" \/><\/a>\n\t\t<\/div>\n\t<\/div>\n\n\n<div class=\"post-entry-content\">\n\n\t<h3 class=\"ele-entry-title\"><a href=\"https:\/\/cityclinic.ie\/lt\/paslauga\/dantu-kanalu-gydymas-mikroskopu\/\" rel=\"bookmark\" title=\"Dant\u0173 kanal\u0173 gydymas mikroskopu\">Dant\u0173 kanal\u0173 gydymas mikroskopu<\/a><\/h3><a href=\"https:\/\/cityclinic.ie\/lt\/paslauga\/dantu-kanalu-gydymas-mikroskopu\/\" target=\"\" aria-label=\"Read more about Dant\u0173 kanal\u0173 gydymas mikroskopu\" class=\"box-button elementor-button elementor-size-xs\">Su\u017einok daugiau<\/a>\n<\/div><\/article><\/div><\/div><!-- iso-container|iso-grid --><\/div>\t\t\t\t<\/div>\n\t\t\t\t<\/div>\n\t\t\t\t\t<\/div>\n\t\t<\/div>\n\t\t\t\t\t<\/div>\n\t\t<\/section>\n\t\t\t\t<section class=\"has_eae_slider elementor-section elementor-top-section elementor-element elementor-element-4240ff8 elementor-section-boxed elementor-section-height-default elementor-section-height-default\" data-eae-slider=\"96718\" data-id=\"4240ff8\" data-element_type=\"section\" data-e-type=\"section\">\n\t\t\t\t\t\t<div class=\"elementor-container elementor-column-gap-default\">\n\t\t\t\t\t<div class=\"has_eae_slider elementor-column elementor-col-100 elementor-top-column elementor-element elementor-element-2e9c883\" data-eae-slider=\"71010\" data-id=\"2e9c883\" data-element_type=\"column\" data-e-type=\"column\">\n\t\t\t<div class=\"elementor-widget-wrap elementor-element-populated\">\n\t\t\t\t\t\t<div class=\"elementor-element elementor-element-73834c3 elementor-widget elementor-widget-heading\" data-id=\"73834c3\" data-element_type=\"widget\" data-e-type=\"widget\" data-widget_type=\"heading.default\">\n\t\t\t\t<div class=\"elementor-widget-container\">\n\t\t\t\t\t<h2 class=\"elementor-heading-title elementor-size-default\">Medicinos paslaugos<\/h2>\t\t\t\t<\/div>\n\t\t\t\t<\/div>\n\t\t\t\t\t<\/div>\n\t\t<\/div>\n\t\t\t\t\t<\/div>\n\t\t<\/section>\n\t\t\t\t<section class=\"has_eae_slider elementor-section elementor-top-section elementor-element elementor-element-027b9b7 elementor-section-full_width elementor-section-height-default elementor-section-height-default\" data-eae-slider=\"48082\" data-id=\"027b9b7\" data-element_type=\"section\" data-e-type=\"section\">\n\t\t\t\t\t\t<div class=\"elementor-container elementor-column-gap-default\">\n\t\t\t\t\t<div class=\"has_eae_slider elementor-column elementor-col-100 elementor-top-column elementor-element elementor-element-5c9d2b2\" data-eae-slider=\"59335\" data-id=\"5c9d2b2\" data-element_type=\"column\" data-e-type=\"column\">\n\t\t\t<div class=\"elementor-widget-wrap elementor-element-populated\">\n\t\t\t\t\t\t<div class=\"elementor-element elementor-element-e4279d7 preserve-img-ratio-cover elementor-widget elementor-widget-the7_elements\" data-id=\"e4279d7\" data-element_type=\"widget\" data-e-type=\"widget\" data-widget_type=\"the7_elements.default\">\n\t\t\t\t<div class=\"elementor-widget-container\">\n\t\t\t\t\t<div class=\"portfolio-shortcode the7-elementor-widget the7_elements-e4279d7 mode-grid dt-css-grid-wrap classic-layout-list description-under-image quick-scale-img meta-info-off content-bg-on resize-by-browser-width loading-effect-move-up jquery-filter\" data-padding=\"30px\" data-mobile-columns-num=\"1\" data-tablet-columns-num=\"2\" data-desktop-columns-num=\"3\" data-wide-desktop-columns-num=\"3\" data-post-limit=\"-1\" data-pagination-mode=\"none\" data-scroll-offset=\"\" aria-live=\"assertive\"><div class=\"dt-css-grid custom-pagination-handler\"><div class=\"visible wf-cell\" data-post-id=\"2385\" data-date=\"2022-04-05T23:16:51+01:00\" data-name=\"Ginekologas\"><article class=\"post visible post-2385 dt_portfolio type-dt_portfolio status-publish has-post-thumbnail hentry dt_portfolio_category-lt-medicina\" data-name=\"Ginekologas\" data-date=\"2022-04-05T23:16:51+01:00\">\n\n\t<div class=\"post-thumbnail-wrap\">\n\t\t<div class=\"post-thumbnail\">\n\n\t\t\t<a class=\"post-thumbnail-rollover img-css-resize-wrapper\" aria-label=\"Post image\" href=\"https:\/\/cityclinic.ie\/lt\/paslauga\/ginekologas\/\"><img loading=\"lazy\" decoding=\"async\" width=\"800\" height=\"400\" src=\"https:\/\/cityclinic.ie\/wp-content\/uploads\/2022\/04\/gyn.jpg\" class=\"attachment-full size-full preload-me aspect\" alt=\"\" srcset=\"https:\/\/cityclinic.ie\/wp-content\/uploads\/2022\/04\/gyn.jpg 800w, https:\/\/cityclinic.ie\/wp-content\/uploads\/2022\/04\/gyn-300x150.jpg 300w, https:\/\/cityclinic.ie\/wp-content\/uploads\/2022\/04\/gyn-768x384.jpg 768w\" sizes=\"(max-width: 800px) 100vw, 800px\" style=\"--ratio: 800 \/ 400;\" \/><\/a>\n\t\t<\/div>\n\t<\/div>\n\n\n<div class=\"post-entry-content\">\n\n\t<h3 class=\"ele-entry-title\"><a href=\"https:\/\/cityclinic.ie\/lt\/paslauga\/ginekologas\/\" rel=\"bookmark\" title=\"Ginekologas\">Ginekologas<\/a><\/h3><a href=\"https:\/\/cityclinic.ie\/lt\/paslauga\/ginekologas\/\" target=\"\" aria-label=\"Read more about Ginekologas\" class=\"box-button elementor-button elementor-size-xs\">Read more<\/a>\n<\/div><\/article><\/div><\/div><!-- iso-container|iso-grid --><\/div>\t\t\t\t<\/div>\n\t\t\t\t<\/div>\n\t\t\t\t\t<\/div>\n\t\t<\/div>\n\t\t\t\t\t<\/div>\n\t\t<\/section>\n\t\t\t\t<section class=\"has_eae_slider elementor-section elementor-top-section elementor-element elementor-element-3aa0d06 elementor-section-boxed elementor-section-height-default elementor-section-height-default\" data-eae-slider=\"10062\" data-id=\"3aa0d06\" data-element_type=\"section\" data-e-type=\"section\">\n\t\t\t\t\t\t<div class=\"elementor-container elementor-column-gap-default\">\n\t\t\t\t\t<div class=\"has_eae_slider elementor-column elementor-col-100 elementor-top-column elementor-element elementor-element-c060fb1\" data-eae-slider=\"91171\" data-id=\"c060fb1\" data-element_type=\"column\" data-e-type=\"column\">\n\t\t\t<div class=\"elementor-widget-wrap elementor-element-populated\">\n\t\t\t\t\t\t<div class=\"elementor-element elementor-element-77361b6 elementor-widget elementor-widget-template\" data-id=\"77361b6\" data-element_type=\"widget\" data-e-type=\"widget\" data-widget_type=\"template.default\">\n\t\t\t\t<div class=\"elementor-widget-container\">\n\t\t\t\t\t\t\t<div class=\"elementor-template\">\n\t\t\t\t\t<div data-elementor-type=\"section\" data-elementor-id=\"2314\" class=\"elementor elementor-2314\" data-elementor-post-type=\"elementor_library\">\n\t\t\t\t\t<section class=\"has_eae_slider elementor-section elementor-top-section elementor-element elementor-element-a12b2f3 elementor-section-stretched elementor-section-boxed elementor-section-height-default elementor-section-height-default\" data-eae-slider=\"57161\" data-id=\"a12b2f3\" data-element_type=\"section\" data-e-type=\"section\" data-settings=\"{&quot;stretch_section&quot;:&quot;section-stretched&quot;,&quot;background_background&quot;:&quot;gradient&quot;}\">\n\t\t\t\t\t\t<div class=\"elementor-container elementor-column-gap-default\">\n\t\t\t\t\t<div class=\"has_eae_slider elementor-column elementor-col-100 elementor-top-column elementor-element elementor-element-a3b3c0d\" data-eae-slider=\"93337\" data-id=\"a3b3c0d\" data-element_type=\"column\" data-e-type=\"column\">\n\t\t\t<div class=\"elementor-widget-wrap elementor-element-populated\">\n\t\t\t\t\t\t<div class=\"elementor-element elementor-element-90f8112 elementor-cta--layout-image-left elementor-bg-transform elementor-bg-transform-move-up elementor-cta--mobile-layout-image-above elementor-cta--skin-classic elementor-animated-content elementor-widget elementor-widget-call-to-action\" data-id=\"90f8112\" data-element_type=\"widget\" data-e-type=\"widget\" data-widget_type=\"call-to-action.default\">\n\t\t\t\t<div class=\"elementor-widget-container\">\n\t\t\t\t\t\t\t<div class=\"elementor-cta\">\n\t\t\t\t\t<div class=\"elementor-cta__bg-wrapper\">\n\t\t\t\t<div class=\"elementor-cta__bg elementor-bg\" style=\"background-image: url(https:\/\/cityclinic.ie\/wp-content\/uploads\/2022\/03\/City-Clinic.png);\" role=\"img\" aria-label=\"City-Clinic\"><\/div>\n\t\t\t\t<div class=\"elementor-cta__bg-overlay\"><\/div>\n\t\t\t<\/div>\n\t\t\t\t\t\t\t<div class=\"elementor-cta__content\">\n\t\t\t\t\t\t\t\t\t<div class=\"elementor-content-item elementor-cta__content-item elementor-cta__image\">\n\t\t\t\t\t\t<img decoding=\"async\" src=\"https:\/\/cityclinic.ie\/wp-content\/uploads\/elementor\/thumbs\/logo-1-pxwy7t5u9idvz9jwjipru8ffft5uby29v95m554934.png\" title=\"logo-1\" alt=\"logo-1\" loading=\"lazy\" \/>\t\t\t\t\t<\/div>\n\t\t\t\t\n\t\t\t\t\n\t\t\t\t\t\t\t\t\t<div class=\"elementor-cta__description elementor-cta__content-item elementor-content-item\">\n\t\t\t\t\t\tMums r\u016bpi j\u016bs\u0173 sveikata.\t\t\t\t\t<\/div>\n\t\t\t\t\n\t\t\t\t\t\t\t\t\t<div class=\"elementor-cta__button-wrapper elementor-cta__content-item elementor-content-item \">\n\t\t\t\t\t<a class=\"elementor-cta__button elementor-button elementor-size-\" href=\"\/lt\/susisiekite-su-mumis\/\">\n\t\t\t\t\t\tRegistruokis konsultacijai\t\t\t\t\t<\/a>\n\t\t\t\t\t<\/div>\n\t\t\t\t\t\t\t<\/div>\n\t\t\t\t\t\t<\/div>\n\t\t\t\t\t\t<\/div>\n\t\t\t\t<\/div>\n\t\t\t\t\t<\/div>\n\t\t<\/div>\n\t\t\t\t\t<\/div>\n\t\t<\/section>\n\t\t\t\t<\/div>\n\t\t\t\t<\/div>\n\t\t\t\t\t\t<\/div>\n\t\t\t\t<\/div>\n\t\t\t\t\t<\/div>\n\t\t<\/div>\n\t\t\t\t\t<\/div>\n\t\t<\/section>\n\t\t\t\t<\/div>\n\t\t","protected":false},"excerpt":{"rendered":"<p>Odontologijos paslaugos Medicinos paslaugos<\/p>\n","protected":false},"author":1,"featured_media":0,"parent":0,"menu_order":0,"comment_status":"closed","ping_status":"closed","template":"","meta":{"footnotes":""},"class_list":["post-2221","page","type-page","status-publish","hentry"],"_links":{"self":[{"href":"https:\/\/cityclinic.ie\/lt\/wp-json\/wp\/v2\/pages\/2221","targetHints":{"allow":["GET"]}}],"collection":[{"href":"https:\/\/cityclinic.ie\/lt\/wp-json\/wp\/v2\/pages"}],"about":[{"href":"https:\/\/cityclinic.ie\/lt\/wp-json\/wp\/v2\/types\/page"}],"author":[{"embeddable":true,"href":"https:\/\/cityclinic.ie\/lt\/wp-json\/wp\/v2\/users\/1"}],"replies":[{"embeddable":true,"href":"https:\/\/cityclinic.ie\/lt\/wp-json\/wp\/v2\/comments?post=2221"}],"version-history":[{"count":0,"href":"https:\/\/cityclinic.ie\/lt\/wp-json\/wp\/v2\/pages\/2221\/revisions"}],"wp:attachment":[{"href":"https:\/\/cityclinic.ie\/lt\/wp-json\/wp\/v2\/media?parent=2221"}],"curies":[{"name":"wp","href":"https:\/\/api.w.org\/{rel}","templated":true}]}}